{"id":106,"date":"2017-02-25T15:36:26","date_gmt":"2017-02-25T15:36:26","guid":{"rendered":"http:\/\/www.star-gazing.co.uk\/WebPage\/?page_id=106"},"modified":"2025-02-20T21:00:36","modified_gmt":"2025-02-20T21:00:36","slug":"astronomy-holidays","status":"publish","type":"page","link":"https:\/\/www.star-gazing.co.uk\/WebPage\/resources\/astronomy-holidays\/","title":{"rendered":"Astronomy Holidays"},"content":{"rendered":"<p>There are a number of travel agents who specialise in astronomical holidays and tours, ranging from Northern Lights Tours, Meteor watches, Cruises and Total Solar Eclipses.<\/p>\n<p>For those who do not want full tours and would like somewhere to visit while on holiday, or take a holiday where they can do astronomy but remain self-sufficient, there are quite a number of options available.<\/p>\n<p>These are the ones I know about. If I have missed any off this list, let me know and I will add them.<br \/>\nIf there are any mistakes, or details have changed, also let me know so I can amend the entry.<\/p>\n<p>These are listed alphabetically by country.<br \/>\nThey are not in any way a personal recommendation either as I have not visited most of them.<\/p>\n<p><span style=\"color: #ffcc00;\"><strong>United Kingdom.<\/strong><\/span><\/p>\n<p><span style=\"color: #ff9900;\"><strong>Go Stargazing<\/strong> <\/span>also have a list of\u00a0stargazing-friendly accommodation across the UK.<br \/>\nThis should also help you find your perfect dark sky location for your next stargazing break, including dark sky sites, observatories and public stargazing events.<br \/>\n<strong><a href=\"https:\/\/gostargazing.co.uk\/stay-gaze\" target=\"_blank\" rel=\"noopener\">https:\/\/gostargazing.co.uk\/stay-gaze<\/a><\/strong><\/p>\n<p><strong><span style=\"color: #ff9900;\">Astro Adventures.<\/span><br \/>\n<\/strong>Located in North Devon, this resort is run on a bed &amp; breakfast basis.<br \/>\nObservatories and telescopes that are available free of charge if you are staying.<br \/>\n<strong><a href=\"http:\/\/www.astroadventures.co.uk\" target=\"_blank\" rel=\"noopener noreferrer\">www.astroadventures.co.uk<\/a><\/strong><\/p>\n<p><strong><span style=\"color: #ff9900;\">AstroVentures<\/span>.<br \/>\n<\/strong>Based at the Dark Sky Discovery Observatory at the Battlesteads Hotel in Wark and at various other hotel, camping and glamping sites around Northumberland, AstroVentures deliver stargazing sessions, astrophotography workshops, and astronomy activities to suit anyone from the absolute beginner to the professional. Bespoke individual stargazing sessions are also available and AstroVentures regularly delivers workshops to schools, girl guides, scouts, cubs and beavers in the region.<br \/>\n<strong><a href=\"http:\/\/www.astro.ventures\" target=\"_blank\" rel=\"noopener noreferrer\">http:\/\/www.astro.ventures<\/a><br \/>\n<\/strong><\/p>\n<p><span style=\"color: #ff9900;\"><strong>Eddington Lodge.<\/strong><\/span><br \/>\nLocated in North Cornwall, offer self-catering holidays and short breaks.<br \/>\nHave observation pods as well as a fully equipped observatory.<br \/>\n<strong><a href=\"http:\/\/www.eddington-lodge.co.uk\" target=\"_blank\" rel=\"noopener noreferrer\">www.eddington-lodge.co.uk<\/a><\/strong><\/p>\n<p><strong><span style=\"color: #ff9900;\">Galloway Astronomy Centre.<\/span><br \/>\n<\/strong>Bed &amp; Breakfast accommodation located in The Dark Sky Park area in the Galloway Forest National Park, Dumfries, Scotland.<br \/>\nA range of astronomical equipment is available.<br \/>\n<strong><a href=\"http:\/\/www.gallowayastro.com\/index.htm\" target=\"_blank\" rel=\"noopener noreferrer\">www.gallowayastro.com\/index.htm<\/a><\/strong><\/p>\n<p><strong><span style=\"color: #ff9900;\">Northumberland International Dark Sky Park \/ Kielder Observatory.<\/span><br \/>\n<\/strong>Various accommodation types available around the park.<br \/>\n<strong><a href=\"http:\/\/www.visitnorthumberland.com\/darkskies\/experiences\" target=\"_blank\" rel=\"noopener noreferrer\">www.visitnorthumberland.com\/darkskies\/experiences<br \/>\n<\/a><\/strong>The Kielder Observatory holds a series of events throughout the year.<br \/>\n<strong><a href=\"http:\/\/www.kielderobservatory.org\" target=\"_blank\" rel=\"noopener noreferrer\">Kielder Observatory.org<\/a><\/strong><\/p>\n<hr \/>\n<p><span style=\"color: #ffff00;\"><strong>Europe.<br \/>\n<\/strong><\/span><strong><span style=\"color: #ff9900;\">Astrofarm.<\/span><br \/>\n<\/strong>Located in the Southwest of France alongside a national park with\u00a0dark skies.<br \/>\n<strong><a href=\"http:\/\/astrofarmfrance.com\" target=\"_blank\" rel=\"noopener noreferrer\">http:\/\/astrofarmfrance.com\/<\/a><\/strong><\/p>\n<p><span style=\"color: #ff9900;\"><strong>Centro de Observa\u00e7\u00e3o Astron\u00f3mica no Algarve (COAA).<\/strong><\/span><br \/>\nLocated in The Algarve in Portugal, views and tours through observatories and telescopes can be organised for a fee, but are unfortunately no longer taking staying guests.<br \/>\n<strong><a href=\"http:\/\/www.coaa.co.uk\" target=\"_blank\" rel=\"noopener noreferrer\">www.coaa.co.uk<\/a><\/strong><\/p>\n<p><strong><span style=\"color: #ff9900;\">Dark Skies Tenerife.<\/span><br \/>\n<\/strong>Organises stargazing tours in Tenerife up the mountain to observe and image in very dark skies of <span lang=\"es\" xml:lang=\"es\">Parque nacional del Teide<\/span>.<br \/>\n<strong><a href=\"https:\/\/darkskiestenerifeguide.com\" target=\"_blank\" rel=\"noopener\">https:\/\/darkskiestenerifeguide.com<\/a><\/strong><\/p>\n<p><span style=\"color: #ff9900;\"><strong>Les Granges, France.<\/strong><\/span><br \/>\nTraditional Provence-style farmhouse for rent with all astronomical telescopes and imaging equipment available to use.<br \/>\n<strong><a href=\"http:\/\/www.sunstarfrance.com\" target=\"_blank\" rel=\"noopener noreferrer\">www.sunstarfrance.com<\/a><\/strong><\/p>\n<hr \/>\n<p><span style=\"color: #ffff00;\"><strong>United States.<br \/>\n<\/strong><\/span><span style=\"color: #ff9900;\"><strong>Arizona Sky Village.<\/strong><\/span><br \/>\nA holiday resort set up by the renowned astrophotographer Jack Newton, actively maintaining their nice dark skies in Arizona.<br \/>\nBoth accommodation and telescopes are available for rent.<br \/>\n<strong><a href=\"http:\/\/www.arizonaskyvillage.co.uk\" target=\"_blank\" rel=\"noopener noreferrer\">www.arizonaskyvillage.co.uk<\/a><\/strong><\/p>\n<p>&nbsp;<\/p>\n<p>&nbsp;<\/p>\n","protected":false},"excerpt":{"rendered":"<p>There are a number of travel agents who specialise in astronomical holidays and tours, ranging from Northern Lights Tours, Meteor watches, Cruises and Total Solar Eclipses. For those who do not want full tours and would like somewhere to visit while on holiday, or take a holiday where they can do astronomy but remain self-sufficient, [&hellip;]<\/p>\n","protected":false},"author":1,"featured_media":0,"parent":37,"menu_order":0,"comment_status":"closed","ping_status":"closed","template":"","meta":{"slim_seo":{"title":"Astronomy Holidays - Star-Gazing","description":"There are a number of travel agents who specialise in astronomical holidays and tours, ranging from Northern Lights Tours, Meteor watches, Cruises and Total Sol"},"footnotes":""},"class_list":["post-106","page","type-page","status-publish","hentry"],"_links":{"self":[{"href":"https:\/\/www.star-gazing.co.uk\/WebPage\/wp-json\/wp\/v2\/pages\/106","targetHints":{"allow":["GET"]}}],"collection":[{"href":"https:\/\/www.star-gazing.co.uk\/WebPage\/wp-json\/wp\/v2\/pages"}],"about":[{"href":"https:\/\/www.star-gazing.co.uk\/WebPage\/wp-json\/wp\/v2\/types\/page"}],"author":[{"embeddable":true,"href":"https:\/\/www.star-gazing.co.uk\/WebPage\/wp-json\/wp\/v2\/users\/1"}],"replies":[{"embeddable":true,"href":"https:\/\/www.star-gazing.co.uk\/WebPage\/wp-json\/wp\/v2\/comments?post=106"}],"version-history":[{"count":32,"href":"https:\/\/www.star-gazing.co.uk\/WebPage\/wp-json\/wp\/v2\/pages\/106\/revisions"}],"predecessor-version":[{"id":8555,"href":"https:\/\/www.star-gazing.co.uk\/WebPage\/wp-json\/wp\/v2\/pages\/106\/revisions\/8555"}],"up":[{"embeddable":true,"href":"https:\/\/www.star-gazing.co.uk\/WebPage\/wp-json\/wp\/v2\/pages\/37"}],"wp:attachment":[{"href":"https:\/\/www.star-gazing.co.uk\/WebPage\/wp-json\/wp\/v2\/media?parent=106"}],"curies":[{"name":"wp","href":"https:\/\/api.w.org\/{rel}","templated":true}]}}